{"id":24,"date":"2025-11-10T19:44:44","date_gmt":"2025-11-10T16:44:44","guid":{"rendered":"https:\/\/etatekno.com.tr\/?page_id=24"},"modified":"2025-11-10T19:47:22","modified_gmt":"2025-11-10T16:47:22","slug":"iletisim","status":"publish","type":"page","link":"https:\/\/etatekno.com.tr\/?page_id=24","title":{"rendered":"\u0130leti\u015fim"},"content":{"rendered":"<p>Eta Teknoloji<\/p>\n<p>Erciyes \u00dcniversitesi Teknoloji Geli\u015ftirme B\u00f6lgesi<\/p>\n<p>Kulu\u00e7ka Merkezi 4. Binas\u0131<\/p>\n<p>D\u0131\u015f Kap\u0131: 67\/3 \u0130\u00e7 Kap\u0131: 3<\/p>\n<p>38010 Melikgazi\/Kayseri<\/p>\n<p>Telefon: +90 541 329 51 88<\/p>\n","protected":false},"excerpt":{"rendered":"<p>Eta Teknoloji Erciyes \u00dcniversitesi Teknoloji Geli\u015ftirme B\u00f6lgesi Kulu\u00e7ka Merkezi 4. Binas\u0131 D\u0131\u015f Kap\u0131: 67\/3 \u0130\u00e7 Kap\u0131: 3 38010 Melikgazi\/Kayseri Telefon: +90 541 329 51 88<\/p>\n","protected":false},"author":1,"featured_media":0,"parent":0,"menu_order":0,"comment_status":"closed","ping_status":"closed","template":"","meta":{"footnotes":""},"class_list":["post-24","page","type-page","status-publish"],"_links":{"self":[{"href":"https:\/\/etatekno.com.tr\/index.php?rest_route=\/wp\/v2\/pages\/24","targetHints":{"allow":["GET"]}}],"collection":[{"href":"https:\/\/etatekno.com.tr\/index.php?rest_route=\/wp\/v2\/pages"}],"about":[{"href":"https:\/\/etatekno.com.tr\/index.php?rest_route=\/wp\/v2\/types\/page"}],"author":[{"embeddable":true,"href":"https:\/\/etatekno.com.tr\/index.php?rest_route=\/wp\/v2\/users\/1"}],"replies":[{"embeddable":true,"href":"https:\/\/etatekno.com.tr\/index.php?rest_route=%2Fwp%2Fv2%2Fcomments&post=24"}],"version-history":[{"count":1,"href":"https:\/\/etatekno.com.tr\/index.php?rest_route=\/wp\/v2\/pages\/24\/revisions"}],"predecessor-version":[{"id":25,"href":"https:\/\/etatekno.com.tr\/index.php?rest_route=\/wp\/v2\/pages\/24\/revisions\/25"}],"wp:attachment":[{"href":"https:\/\/etatekno.com.tr\/index.php?rest_route=%2Fwp%2Fv2%2Fmedia&parent=24"}],"curies":[{"name":"wp","href":"https:\/\/api.w.org\/{rel}","templated":true}]}}